{"id":3,"date":"2023-12-19T08:27:47","date_gmt":"2023-12-19T08:27:47","guid":{"rendered":"https:\/\/languagegames.cz\/?page_id=3"},"modified":"2024-02-24T12:34:03","modified_gmt":"2024-02-24T12:34:03","slug":"privacy-policy","status":"publish","type":"page","link":"https:\/\/jazykovehry.cz\/cs\/privacy-policy\/","title":{"rendered":"GDPR"},"content":{"rendered":"<div data-elementor-type=\"wp-page\" data-elementor-id=\"3\" class=\"elementor elementor-3\" data-elementor-post-type=\"page\">\n\t\t\t\t<div class=\"elementor-element elementor-element-321c42ed e-flex e-con-boxed e-con e-parent\" data-id=\"321c42ed\" data-element_type=\"container\">\n\t\t\t\t\t<div class=\"e-con-inner\">\n\t\t\t\t<div class=\"elementor-element elementor-element-a28d43c elementor-widget elementor-widget-text-editor\" data-id=\"a28d43c\" data-element_type=\"widget\" data-widget_type=\"text-editor.default\">\n\t\t\t\t<div class=\"elementor-widget-container\">\n\t\t\t\t\t\t\t\t\t\n<p>Provozovatel str\u00e1nky\u00a0<a href=\"http:\/\/www.languagegames.cz\">www.languagegames.cz<\/a> jako realiz\u00e1tor mimo\u0161koln\u00edch aktivit, individu\u00e1ln\u00edho mentoringu a ostatn\u00edch skupinov\u00fdch i individu\u00e1ln\u00edch z\u00e1\u017eitkov\u00fdch program\u016f pracuje s osobn\u00edmi \u00fadaji, proto vy\u017eaduje souhlas se zpracov\u00e1n\u00edm osobn\u00edch \u00fadaj\u016f dle Na\u0159\u00edzen\u00ed Evropsk\u00e9ho Parlamentu a Rady (EU) 679\/2016 o Ochran\u011b fyzick\u00fdch osob v souvislosti se zpracov\u00e1n\u00edm osobn\u00edch \u00fadaj\u016f a o voln\u00e9m pohybu t\u011bchto \u00fadaj\u016f, d\u00e1le jen \u201eGDPR\u201c a dle z\u00e1kona \u010d. 101\/2000 Sb., o ochran\u011b osobn\u00edch \u00fadaj\u016f (d\u00e1le jen \u201eZOO\u00da\u201c).<\/p>\n<p>Odesl\u00e1n\u00edm webov\u00e9ho kontaktn\u00edho formul\u00e1\u0159e prost\u0159ednictv\u00edm webov\u00e9 str\u00e1nky <a href=\"http:\/\/www.languagegames.cz\">www.languagegames.cz<\/a>, odesl\u00e1n\u00edm rezervace on-line nebo osobn\u00ed sch\u016fzky \u010di osloven\u00edm spole\u010dnosti \u010di jej\u00edch pracovn\u00edk\u016f prost\u0159ednictv\u00edm webov\u00e9 str\u00e1nky <a href=\"http:\/\/www.languagegames.cz\">www.languagegames.cz<\/a>, telefonu \u010di e-mailov\u00e9ho kontaktu ud\u011bluji zahrani\u010dn\u00ed fyzick\u00e9 osob\u011b Silvii Chymov\u00e9, se s\u00eddlem\u00a0\u00a0Cejl 40\/107, PS\u010c 60200, Brno, I\u010cO: 19695136, zapsan\u00e9 na Magist\u00e1tu m\u011bsta Brna, emailov\u00fd kontakt: <a href=\"mailto:englishgamesbrno@gmail.com\">englishgamesbrno@gmail.com<\/a>\u00a0(d\u00e1le jen \u201eSpr\u00e1vce\u201c), souhlas se zpracov\u00e1n\u00edm m\u00fdch osobn\u00edch \u00fadaj\u016f, a to za n\u00ed\u017ee uveden\u00fdch podm\u00ednek:<\/p>\n<p>V p\u0159\u00edpad\u011b odesl\u00e1n\u00ed kontaktn\u00edho formul\u00e1\u0159e \u010di e-mailov\u00e9ho a telefonick\u00e9ho osloven\u00ed pracovn\u00edk\u016f Spr\u00e1vce subjekt souhlas\u00ed se zpracov\u00e1n\u00edm osobn\u00edch \u00fadaj\u016f n\u00e1sledovn\u011b:<\/p>\n<ol type=\"1\">\n<li>Osobn\u00ed \u00fadaje, kter\u00e9 budou zpracov\u00e1ny:<\/li>\n<\/ol>\n<ul>\n<li>jm\u00e9no a p\u0159\u00edjmen\u00ed (pokud budou poskytnuty),<\/li>\n<li>emailov\u00e1 adresa,<\/li>\n<li>telefonick\u00fd kontakt (pokud bude poskytnut).<\/li>\n<\/ul>\n<ol start=\"2\" type=\"1\">\n<li>\u00da\u010delem zpracov\u00e1n\u00ed osobn\u00edch \u00fadaj\u016f je:\u00a0<\/li>\n<\/ol>\n<ul>\n<li>Zas\u00edl\u00e1n\u00ed obchodn\u00edch nab\u00eddek Spr\u00e1vce. Zejm\u00e9na se jedn\u00e1 o informace o term\u00ednu sch\u016fzek, p\u0159ihl\u00e1\u0161ky na mimo\u0161koln\u00ed aktivity a individu\u00e1ln\u00ed mentoring a informace o p\u0159ipravovan\u00fdch a realizovan\u00fdch akc\u00edch Spr\u00e1vce.<\/li>\n<\/ul>\n<ol start=\"3\" type=\"1\">\n<li>Doba zpracov\u00e1n\u00ed osobn\u00edch \u00fadaj\u016f je:\u00a0<\/li>\n<\/ol>\n<ul>\n<li>5 let, anebo do odvol\u00e1n\u00ed.<\/li>\n<\/ul>\n<p>Subjekt odesl\u00e1n\u00edm kontaktn\u00edho formul\u00e1\u0159e prost\u0159ednictv\u00edm webov\u00e9 str\u00e1nky Spr\u00e1vce \u00fadaj\u016f tj.\u00a0<a href=\"http:\/\/www.languagegames.cz\">www.languagegames.cz<\/a>\u00a0\u00a0\u010di osloven\u00ed pracovn\u00edk\u016f Spr\u00e1vce \u00fadaj\u016f prost\u0159ednictv\u00edm e-mailu \u010di telefonick\u00e9ho hovoru prohla\u0161uje, \u017ee byl Spr\u00e1vcem \u0159\u00e1dn\u011b pou\u010den o zpracov\u00e1n\u00ed a ochran\u011b osobn\u00edch \u00fadaj\u016f*, \u017ee v\u00fd\u0161e uveden\u00e9 osobn\u00ed \u00fadaje jsou p\u0159esn\u00e9 a pravdiv\u00e9 a jsou Spr\u00e1vci poskytov\u00e1ny dobrovoln\u011b.<\/p>\n<p>V p\u0159\u00edpad\u011b odesl\u00e1n\u00ed p\u0159ihl\u00e1\u0161ky na mimo\u0161koln\u00ed aktivitu nebo \u00fa\u010dast\u00ed na ve\u0159ejn\u00e9 akci po\u0159\u00e1danou Spr\u00e1vcem subjekt souhlas\u00ed se zpracov\u00e1n\u00edm osobn\u00edch \u00fadaj\u016f n\u00e1sledovn\u011b:<\/p>\n<ol type=\"1\">\n<li>Osobn\u00ed \u00fadaje, kter\u00e9 budou zpracov\u00e1ny:<\/li>\n<\/ol>\n<ul>\n<li>jm\u00e9no a p\u0159\u00edjmen\u00ed,<\/li>\n<li>bydli\u0161t\u011b,<\/li>\n<li>emailov\u00e1 adresa,<\/li>\n<li>telefonick\u00fd kontakt,<\/li>\n<li>fotografie, videa, zvukov\u00e9 z\u00e1znamy z akc\u00ed.<\/li>\n<\/ul>\n<p>Tyto osobn\u00ed \u00fadaje budou zpracov\u00e1v\u00e1ny maxim\u00e1ln\u011b po dobu p\u011bti let, n\u00e1sledn\u011b budou smaz\u00e1ny a skartov\u00e1ny.<\/p>\n<div class=\"container default-editor sekce\">\n<div class=\"row\">\n<div class=\"col-sm-12\">\n<ol start=\"2\" type=\"1\">\n<li>\u00da\u010delem zpracov\u00e1n\u00ed osobn\u00edch \u00fadaj\u016f je:<\/li>\n<\/ol>\n<ul>\n<li>zpracov\u00e1n\u00ed \u00fadaj\u016f je nutn\u00e9 pro administrativu a organiza\u010dn\u00ed zaji\u0161t\u011bn\u00ed po\u0159\u00e1dan\u00fdch akc\u00ed. Jedn\u00e1 se o \u00fadaje, kter\u00e9 jsou pro Spr\u00e1vce nutn\u00e9 k p\u0159\u00edprav\u011b a organizaci akc\u00ed. V p\u0159\u00edpad\u011b nutnosti je po Spr\u00e1vci mohou vy\u017eadovat opr\u00e1vn\u011bn\u00e9 instituce (nap\u0159. Krajsk\u00e1 hygienick\u00e1 stanice, zdravotn\u00ed za\u0159\u00edzen\u00ed apod.), kter\u00fdm jsme povinni je poskytnout. Tyto osobn\u00ed \u00fadaje budou vyu\u017eity v\u00fdhradn\u011b pro nezbytnou administrativn\u00ed p\u0159\u00edpravu a organiza\u010dn\u00ed zaji\u0161t\u011bn\u00ed po\u0159\u00e1dan\u00fdch akc\u00ed, za \u00fa\u010delem poskytnut\u00ed relevantn\u00edch slu\u017eeb, po\u0159\u00e1dan\u00fdch Spr\u00e1vcem.<\/li>\n<li>Zas\u00edl\u00e1n\u00ed obchodn\u00edch nab\u00eddek Spr\u00e1vce. Zejm\u00e9na se jedn\u00e1 o term\u00edny pod\u00e1n\u00ed p\u0159ihl\u00e1\u0161ek na mimo\u0161koln\u00ed aktivity, informace o p\u0159ipravovan\u00fdch a realizovan\u00fdch akc\u00edch Spr\u00e1vce.<\/li>\n<li>Odes\u00edlatel souhlas\u00ed s p\u0159\u00edpadn\u00fdm u\u017eit\u00edm fotografi\u00ed \u010di videoz\u00e1znam\u016f, zachycuj\u00edc\u00ed je a jeho d\u00edt\u011b \u2013 p\u0159ihl\u00e1\u0161enou osobu. Tyto fotografie a videoz\u00e1znamy budou pou\u017eity v\u00fdhradn\u011b k prezentaci a propagaci mimo\u0161koln\u00edch aktivit a obdobn\u00e9 \u010dinnosti v re\u017eii Spr\u00e1vce \u00fadaj\u016f, a to na soci\u00e1ln\u00edch s\u00edt\u00edch, fyzick\u00fdch nosi\u010d\u00edch, v reklamn\u00edch spotech a dal\u0161\u00edch nosi\u010d\u00edch.<\/li>\n<\/ul>\n<ol start=\"3\" type=\"1\">\n<li>Doba souhlasu se zpracov\u00e1n\u00edm a uchov\u00e1n\u00edm n\u00e1sleduj\u00edc\u00edch osobn\u00edch \u00fadaj\u016f:\u00a0<\/li>\n<\/ol>\n<ul>\n<li>jm\u00e9no, p\u0159\u00edjmen\u00ed, e-mailov\u00e1 adresa, telefonick\u00fd kontakt se ud\u011bluje na dobu neur\u010ditou do odvol\u00e1n\u00ed;<\/li>\n<li>fotografie a videoz\u00e1znamy budou zpracov\u00e1ny na dobu neomezenou bez mo\u017enosti odvol\u00e1n\u00ed souhlasu po uskute\u010dn\u011bn\u00ed samotn\u00e9 akce;<\/li>\n<li>ostatn\u00ed osobn\u00ed \u00fadaje budou zpracov\u00e1v\u00e1ny maxim\u00e1ln\u011b po dobu p\u011bti let, n\u00e1sledn\u011b budou smaz\u00e1ny a skartov\u00e1ny.<\/li>\n<\/ul>\n<ol start=\"4\" type=\"1\">\n<li>Osobn\u00ed \u00fadaje mohou b\u00fdt poskytnuty n\u00e1sleduj\u00edc\u00edm t\u0159et\u00edm osob\u00e1m:<\/li>\n<\/ol>\n<ul>\n<li>opr\u00e1vn\u011bn\u00e9 instituce (nap\u0159. Krajsk\u00e1 hygienick\u00e1 stanice, zdravotn\u00ed za\u0159\u00edzen\u00ed apod.).<\/li>\n<\/ul>\n<p>Subjekt odesl\u00e1n\u00edm kontaktn\u00edho formul\u00e1\u0159e prost\u0159ednictv\u00edm webov\u00e9 str\u00e1nky Spr\u00e1vce \u00fadaj\u016f, tj.\u00a0<a href=\"http:\/\/www.languagegames.cz\">www.languagegames.cz<\/a>, \u010di osloven\u00edm pracovn\u00edk\u016f Spr\u00e1vce \u00fadaj\u016f prost\u0159ednictv\u00edm e-mailu \u010di telefonick\u00e9ho hovoru prohla\u0161uje, \u017ee byl Spr\u00e1vcem \u0159\u00e1dn\u011b pou\u010den o zpracov\u00e1n\u00ed a ochran\u011b osobn\u00edch \u00fadaj\u016f*, \u017ee v\u00fd\u0161e uveden\u00e9 osobn\u00ed \u00fadaje jsou p\u0159esn\u00e9 a pravdiv\u00e9 a jsou Spr\u00e1vci poskytov\u00e1ny dobrovoln\u011b. D\u00e1le Subjekt souhlas\u00ed s t\u00edm, \u017ee souhlas, se zpracov\u00e1n\u00ed osobn\u00edch \u00fadaj\u016f m\u016f\u017ee kdykoli zru\u0161it formou e-mailov\u00e9ho ozn\u00e1men\u00ed na adresu <a href=\"mailto:englishgamesbrno@gmail.com\">englishgamesbrno@gmail.com<\/a>. D\u00e1le Subjekt souhlas\u00ed s t\u00edm, \u017ee souhlas se zpracov\u00e1n\u00edm osobn\u00edch \u00fadaj\u016f ud\u011blen\u00fd p\u0159i odesl\u00e1n\u00ed p\u0159ihl\u00e1\u0161ky na mimo\u0161koln\u00ed aktivitu nebo individu\u00e1ln\u00ed mentoring, je povinn\u00fd a pokud dojde k jeho zru\u0161en\u00ed p\u0159ed uskute\u010dn\u011bn\u00edm objednan\u00e9 \u00fa\u010dasti, bude vzhledem k nemo\u017enosti \u00fa\u010dast realizovat, postupov\u00e1no dle platn\u00fdch podm\u00ednek.<\/p>\n<p>*Pou\u010den\u00ed Subjektu \u00fadaj\u016f<\/p>\n<p>Spr\u00e1vce t\u00edmto v souladu s ustanoven\u00edm \u010dl. 13 Na\u0159\u00edzen\u00ed Evropsk\u00e9ho parlamentu a Rady (EU) \u010d. 2016\/679 ze dne 27. dubna 2016, obecn\u00e9ho na\u0159\u00edzen\u00ed o ochran\u011b osobn\u00edch \u00fadaj\u016f (d\u00e1le jen \u201eNa\u0159\u00edzen\u00ed\u201c), informuje, \u017ee:<\/p>\n<ul>\n<li>osobn\u00ed \u00fadaje Subjektu \u00fadaj\u016f budou zpracov\u00e1ny na z\u00e1klad\u011b jeho svobodn\u00e9ho souhlasu, a to za v\u00fd\u0161e uveden\u00fdch podm\u00ednek,<\/li>\n<li>d\u016fvodem poskytnut\u00ed osobn\u00edch \u00fadaj\u016f Subjektu \u00fadaj\u016f je z\u00e1jem Subjektu \u00fadaj\u016f o zas\u00edl\u00e1n\u00ed obchodn\u00edch nab\u00eddek Spr\u00e1vce \u010di o \u00fa\u010dast d\u00edt\u011bte Subjektu \u010di samotn\u00e9ho Subjektu na akci poskytovan\u00fdm Spr\u00e1vcem, co\u017e by bez poskytnut\u00ed t\u011bchto \u00fadaj\u016f nebylo mo\u017en\u00e9,<\/li>\n<li>Spr\u00e1vce nejmenoval pov\u011b\u0159ence pro ochranu osobn\u00edch \u00fadaj\u016f, nepov\u011b\u0159il zpracov\u00e1n\u00edm osobn\u00edch \u00fadaj\u016f \u017e\u00e1dn\u00e9ho zpracovatele ani neur\u010dil z\u00e1stupce pro pln\u011bn\u00ed povinnost\u00ed ve smyslu Na\u0159\u00edzen\u00ed,<\/li>\n<li>Spr\u00e1vce nem\u00e1 v \u00famyslu p\u0159edat osobn\u00ed \u00fadaje Subjektu \u00fadaj\u016f do t\u0159et\u00ed zem\u011b, mezin\u00e1rodn\u00ed organizaci nebo jin\u00fdm, ne\u017e v\u00fd\u0161e uveden\u00fdm t\u0159et\u00edm osob\u00e1m,<\/li>\n<li>Subjekt \u00fadaj\u016f m\u00e1 pr\u00e1vo kdykoliv odvolat sv\u016fj souhlas se zpracov\u00e1n\u00edm osobn\u00edch \u00fadaj\u016f, pr\u00e1vo po\u017eadovat od Spr\u00e1vce p\u0159\u00edstup ke sv\u00fdm osobn\u00edm \u00fadaj\u016fm, jejich opravu nebo v\u00fdmaz, pop\u0159\u00edpad\u011b omezen\u00ed zpracov\u00e1n\u00ed, a vzn\u00e9st n\u00e1mitku proti zpracov\u00e1n\u00ed, m\u00e1 pr\u00e1vo na p\u0159enositelnost t\u011bchto \u00fadaj\u016f k jin\u00e9mu spr\u00e1vci, jako\u017e i pr\u00e1vo podat st\u00ed\u017enost u \u00da\u0159adu pro ochranu osobn\u00edch \u00fadaj\u016f, m\u00e1-li za to, \u017ee Spr\u00e1vce p\u0159i zpracov\u00e1n\u00ed osobn\u00edch \u00fadaj\u016f postupuje v rozporu s Na\u0159\u00edzen\u00edm. Jedinou v\u00fdjimku tvo\u0159\u00ed ji\u017e zpracovan\u00e9 fotografie \u010di videoz\u00e1znamy slou\u017e\u00edc\u00ed k propagaci \u010dinnosti Spr\u00e1vce, ji\u017e zve\u0159ejn\u011bn\u00e9 videoz\u00e1znamy \u010di fotografie nelze smazat.<\/li>\n<\/ul>\n<\/div>\n<\/div>\n<\/div>\n\t\t\t\t\t\t\t\t<\/div>\n\t\t\t\t<\/div>\n\t\t\t\t\t<\/div>\n\t\t\t\t<\/div>\n\t\t\t\t<\/div>","protected":false},"excerpt":{"rendered":"<p>Provozovatel str\u00e1nky\u00a0www.languagegames.cz jako realiz\u00e1tor mimo\u0161koln\u00edch aktivit, individu\u00e1ln\u00edho mentoringu a ostatn\u00edch skupinov\u00fdch i individu\u00e1ln\u00edch z\u00e1\u017eitkov\u00fdch program\u016f pracuje s osobn\u00edmi \u00fadaji, proto vy\u017eaduje souhlas se zpracov\u00e1n\u00edm osobn\u00edch \u00fadaj\u016f dle Na\u0159\u00edzen\u00ed Evropsk\u00e9ho Parlamentu [&hellip;]<\/p>","protected":false},"author":1,"featured_media":0,"parent":0,"menu_order":0,"comment_status":"closed","ping_status":"open","template":"","meta":{"footnotes":""},"class_list":["post-3","page","type-page","status-publish","hentry"],"yoast_head":"<!-- This site is optimized with the Yoast SEO plugin v26.2 - https:\/\/yoast.com\/wordpress\/plugins\/seo\/ -->\n<title>Privacy Policy - Language Games<\/title>\n<meta name=\"robots\" content=\"index, follow, max-snippet:-1, max-image-preview:large, max-video-preview:-1\" \/>\n<link rel=\"canonical\" href=\"https:\/\/languagegames.cz\/cs\/privacy-policy\/\" \/>\n<meta property=\"og:locale\" content=\"cs_CZ\" \/>\n<meta property=\"og:type\" content=\"article\" \/>\n<meta property=\"og:title\" content=\"Privacy Policy - Language Games\" \/>\n<meta property=\"og:description\" content=\"Provozovatel str\u00e1nky\u00a0www.languagegames.cz jako realiz\u00e1tor mimo\u0161koln\u00edch aktivit, individu\u00e1ln\u00edho mentoringu a ostatn\u00edch skupinov\u00fdch i individu\u00e1ln\u00edch z\u00e1\u017eitkov\u00fdch program\u016f pracuje s osobn\u00edmi \u00fadaji, proto vy\u017eaduje souhlas se zpracov\u00e1n\u00edm osobn\u00edch \u00fadaj\u016f dle Na\u0159\u00edzen\u00ed Evropsk\u00e9ho Parlamentu [&hellip;]\" \/>\n<meta property=\"og:url\" content=\"https:\/\/languagegames.cz\/cs\/privacy-policy\/\" \/>\n<meta property=\"og:site_name\" content=\"Language Games\" \/>\n<meta property=\"article:publisher\" content=\"https:\/\/www.facebook.com\/englishgamesbrno\" \/>\n<meta property=\"article:modified_time\" content=\"2024-02-24T12:34:03+00:00\" \/>\n<meta property=\"og:image\" content=\"https:\/\/jazykovehry.cz\/wp-content\/uploads\/2024\/02\/Language-Games-Logo.png\" \/>\n\t<meta property=\"og:image:width\" content=\"500\" \/>\n\t<meta property=\"og:image:height\" content=\"500\" \/>\n\t<meta property=\"og:image:type\" content=\"image\/png\" \/>\n<meta name=\"twitter:card\" content=\"summary_large_image\" \/>\n<meta name=\"twitter:label1\" content=\"Odhadovan\u00e1 doba \u010dten\u00ed\" \/>\n\t<meta name=\"twitter:data1\" content=\"6 minut\" \/>\n<script type=\"application\/ld+json\" class=\"yoast-schema-graph\">{\"@context\":\"https:\/\/schema.org\",\"@graph\":[{\"@type\":\"WebPage\",\"@id\":\"https:\/\/languagegames.cz\/cs\/privacy-policy\/\",\"url\":\"https:\/\/languagegames.cz\/cs\/privacy-policy\/\",\"name\":\"Privacy Policy - Language Games\",\"isPartOf\":{\"@id\":\"https:\/\/jazykovehry.cz\/cs\/#website\"},\"datePublished\":\"2023-12-19T08:27:47+00:00\",\"dateModified\":\"2024-02-24T12:34:03+00:00\",\"breadcrumb\":{\"@id\":\"https:\/\/languagegames.cz\/cs\/privacy-policy\/#breadcrumb\"},\"inLanguage\":\"cs\",\"potentialAction\":[{\"@type\":\"ReadAction\",\"target\":[\"https:\/\/languagegames.cz\/cs\/privacy-policy\/\"]}]},{\"@type\":\"BreadcrumbList\",\"@id\":\"https:\/\/languagegames.cz\/cs\/privacy-policy\/#breadcrumb\",\"itemListElement\":[{\"@type\":\"ListItem\",\"position\":1,\"name\":\"Home\",\"item\":\"https:\/\/jazykovehry.cz\/cs\/\"},{\"@type\":\"ListItem\",\"position\":2,\"name\":\"Privacy Policy\"}]},{\"@type\":\"WebSite\",\"@id\":\"https:\/\/jazykovehry.cz\/cs\/#website\",\"url\":\"https:\/\/jazykovehry.cz\/cs\/\",\"name\":\"Language Games\",\"description\":\"Play it till you say it!\",\"publisher\":{\"@id\":\"https:\/\/jazykovehry.cz\/cs\/#organization\"},\"alternateName\":\"Jazykov\u00e9 hry\",\"potentialAction\":[{\"@type\":\"SearchAction\",\"target\":{\"@type\":\"EntryPoint\",\"urlTemplate\":\"https:\/\/jazykovehry.cz\/cs\/?s={search_term_string}\"},\"query-input\":{\"@type\":\"PropertyValueSpecification\",\"valueRequired\":true,\"valueName\":\"search_term_string\"}}],\"inLanguage\":\"cs\"},{\"@type\":\"Organization\",\"@id\":\"https:\/\/jazykovehry.cz\/cs\/#organization\",\"name\":\"Language Games\",\"alternateName\":\"Jazykov\u00e9 hry\",\"url\":\"https:\/\/jazykovehry.cz\/cs\/\",\"logo\":{\"@type\":\"ImageObject\",\"inLanguage\":\"cs\",\"@id\":\"https:\/\/jazykovehry.cz\/cs\/#\/schema\/logo\/image\/\",\"url\":\"https:\/\/jazykovehry.cz\/wp-content\/uploads\/2024\/02\/Language-Games-Logo.webp\",\"contentUrl\":\"https:\/\/jazykovehry.cz\/wp-content\/uploads\/2024\/02\/Language-Games-Logo.webp\",\"width\":500,\"height\":500,\"caption\":\"Language Games\"},\"image\":{\"@id\":\"https:\/\/jazykovehry.cz\/cs\/#\/schema\/logo\/image\/\"},\"sameAs\":[\"https:\/\/www.facebook.com\/englishgamesbrno\",\"https:\/\/www.linkedin.com\/company\/english-games-brno\",\"https:\/\/www.instagram.com\/englishgamesbrno\"]}]}<\/script>\n<!-- \/ Yoast SEO plugin. -->","yoast_head_json":{"title":"Privacy Policy - Language Games","robots":{"index":"index","follow":"follow","max-snippet":"max-snippet:-1","max-image-preview":"max-image-preview:large","max-video-preview":"max-video-preview:-1"},"canonical":"https:\/\/languagegames.cz\/cs\/privacy-policy\/","og_locale":"cs_CZ","og_type":"article","og_title":"Privacy Policy - Language Games","og_description":"Provozovatel str\u00e1nky\u00a0www.languagegames.cz jako realiz\u00e1tor mimo\u0161koln\u00edch aktivit, individu\u00e1ln\u00edho mentoringu a ostatn\u00edch skupinov\u00fdch i individu\u00e1ln\u00edch z\u00e1\u017eitkov\u00fdch program\u016f pracuje s osobn\u00edmi \u00fadaji, proto vy\u017eaduje souhlas se zpracov\u00e1n\u00edm osobn\u00edch \u00fadaj\u016f dle Na\u0159\u00edzen\u00ed Evropsk\u00e9ho Parlamentu [&hellip;]","og_url":"https:\/\/languagegames.cz\/cs\/privacy-policy\/","og_site_name":"Language Games","article_publisher":"https:\/\/www.facebook.com\/englishgamesbrno","article_modified_time":"2024-02-24T12:34:03+00:00","og_image":[{"width":500,"height":500,"url":"https:\/\/jazykovehry.cz\/wp-content\/uploads\/2024\/02\/Language-Games-Logo.png","type":"image\/png"}],"twitter_card":"summary_large_image","twitter_misc":{"Odhadovan\u00e1 doba \u010dten\u00ed":"6 minut"},"schema":{"@context":"https:\/\/schema.org","@graph":[{"@type":"WebPage","@id":"https:\/\/languagegames.cz\/cs\/privacy-policy\/","url":"https:\/\/languagegames.cz\/cs\/privacy-policy\/","name":"Privacy Policy - Language Games","isPartOf":{"@id":"https:\/\/jazykovehry.cz\/cs\/#website"},"datePublished":"2023-12-19T08:27:47+00:00","dateModified":"2024-02-24T12:34:03+00:00","breadcrumb":{"@id":"https:\/\/languagegames.cz\/cs\/privacy-policy\/#breadcrumb"},"inLanguage":"cs","potentialAction":[{"@type":"ReadAction","target":["https:\/\/languagegames.cz\/cs\/privacy-policy\/"]}]},{"@type":"BreadcrumbList","@id":"https:\/\/languagegames.cz\/cs\/privacy-policy\/#breadcrumb","itemListElement":[{"@type":"ListItem","position":1,"name":"Home","item":"https:\/\/jazykovehry.cz\/cs\/"},{"@type":"ListItem","position":2,"name":"Privacy Policy"}]},{"@type":"WebSite","@id":"https:\/\/jazykovehry.cz\/cs\/#website","url":"https:\/\/jazykovehry.cz\/cs\/","name":"Jazykov\u00e9 hry","description":"Play it till you say it!","publisher":{"@id":"https:\/\/jazykovehry.cz\/cs\/#organization"},"alternateName":"Jazykov\u00e9 hry","potentialAction":[{"@type":"SearchAction","target":{"@type":"EntryPoint","urlTemplate":"https:\/\/jazykovehry.cz\/cs\/?s={search_term_string}"},"query-input":{"@type":"PropertyValueSpecification","valueRequired":true,"valueName":"search_term_string"}}],"inLanguage":"cs"},{"@type":"Organization","@id":"https:\/\/jazykovehry.cz\/cs\/#organization","name":"Jazykov\u00e9 hry","alternateName":"Jazykov\u00e9 hry","url":"https:\/\/jazykovehry.cz\/cs\/","logo":{"@type":"ImageObject","inLanguage":"cs","@id":"https:\/\/jazykovehry.cz\/cs\/#\/schema\/logo\/image\/","url":"https:\/\/jazykovehry.cz\/wp-content\/uploads\/2024\/02\/Language-Games-Logo.webp","contentUrl":"https:\/\/jazykovehry.cz\/wp-content\/uploads\/2024\/02\/Language-Games-Logo.webp","width":500,"height":500,"caption":"Language Games"},"image":{"@id":"https:\/\/jazykovehry.cz\/cs\/#\/schema\/logo\/image\/"},"sameAs":["https:\/\/www.facebook.com\/englishgamesbrno","https:\/\/www.linkedin.com\/company\/english-games-brno","https:\/\/www.instagram.com\/englishgamesbrno"]}]}},"_links":{"self":[{"href":"https:\/\/jazykovehry.cz\/cs\/wp-json\/wp\/v2\/pages\/3","targetHints":{"allow":["GET"]}}],"collection":[{"href":"https:\/\/jazykovehry.cz\/cs\/wp-json\/wp\/v2\/pages"}],"about":[{"href":"https:\/\/jazykovehry.cz\/cs\/wp-json\/wp\/v2\/types\/page"}],"author":[{"embeddable":true,"href":"https:\/\/jazykovehry.cz\/cs\/wp-json\/wp\/v2\/users\/1"}],"replies":[{"embeddable":true,"href":"https:\/\/jazykovehry.cz\/cs\/wp-json\/wp\/v2\/comments?post=3"}],"version-history":[{"count":3,"href":"https:\/\/jazykovehry.cz\/cs\/wp-json\/wp\/v2\/pages\/3\/revisions"}],"predecessor-version":[{"id":897,"href":"https:\/\/jazykovehry.cz\/cs\/wp-json\/wp\/v2\/pages\/3\/revisions\/897"}],"wp:attachment":[{"href":"https:\/\/jazykovehry.cz\/cs\/wp-json\/wp\/v2\/media?parent=3"}],"curies":[{"name":"wp","href":"https:\/\/api.w.org\/{rel}","templated":true}]}}